{"id":16,"date":"2014-05-01T00:51:31","date_gmt":"2014-05-01T00:51:31","guid":{"rendered":"http:\/\/3dsym.unizar.es\/?page_id=16"},"modified":"2015-10-01T15:29:18","modified_gmt":"2015-10-01T15:29:18","slug":"inicio","status":"publish","type":"page","link":"http:\/\/3dsym.unizar.es\/","title":{"rendered":"Inicio"},"content":{"rendered":"<blockquote><p><!-- ======================================================= --><!-- Created by AbiWord, a free, Open Source wordprocessor.  --><!-- For more information visit http:\/\/www.abisource.com.    --><!-- ======================================================= -->3DSYM es un recurso did\u00e1ctico para ejercitar la capacidad de visi\u00f3n espacial mediante el estudio de la simetr\u00eda en tres dimensiones<\/p>\n<p>&nbsp;<\/p><\/blockquote>\n<div>\n<p style=\"text-align: justify;\"><span lang=\"es-ES\">En <\/span><span lang=\"-none-\" style=\"font-weight: bold;\">3DSYM<\/span><span lang=\"es-ES\"> se enfrentan equipos de dos jugadores. Es un juego\u00a0adecuado para alumnos de Educaci\u00f3n Secundaria Obligatoria y para 5\u00ba y 6\u00ba de Educaci\u00f3n Primaria ya que\u00a0contiene figuras con distinto grado de dificultad y no son necesarios conocimientos previos complejos.<\/span><\/p>\n<p class=\"normal_(web)\" dir=\"ltr\" style=\"text-align: justify;\"><span lang=\"-none-\" style=\"font-weight: bold;\">3DSYM<\/span><span lang=\"es-ES\"> se basa en el an\u00e1lisis de la simetr\u00eda de modelos cristalogr\u00e1ficos sencillos que simulan las formas geom\u00e9tricas que presentan los cristales. Los autores partimos del convencimiento de que algunos conceptos b\u00e1sicos de Cristalograf\u00eda\u00a0se pueden trabajar con alumnos de diversos niveles de educaci\u00f3n y no solo con alumnos universitarios. El an\u00e1lisis de la simetr\u00eda de modelos cristalogr\u00e1ficos\u00a0puede contribuir a desarrollar la capacidad de visi\u00f3n espacial a edades tempranas.\u00a0Adem\u00e1s, dado que todos los minerales son cristales, el conocimiento de la simetr\u00eda cristalina contribuye a\u00a0ampliar el modelo de mineral.<\/span><\/p>\n<\/div>\n<p>&nbsp;<\/p>\n<p dir=\"ltr\"><span lang=\"es-ES\">\u00a9 Mayayo &#8211; Mateo &#8211; Barbed y Universidad de Zaragoza 2013<\/span><\/p>\n","protected":false},"excerpt":{"rendered":"<p>3DSYM es un recurso did\u00e1ctico para ejercitar la capacidad de visi\u00f3n espacial mediante el estudio de la simetr\u00eda en tres dimensiones &nbsp; En 3DSYM se enfrentan equipos de dos jugadores. Es un juego\u00a0adecuado para alumnos de Educaci\u00f3n Secundaria Obligatoria y &hellip; <a href=\"http:\/\/3dsym.unizar.es\/\">Continue reading <span class=\"meta-nav\">&rarr;<\/span><\/a><\/p>\n","protected":false},"author":1,"featured_media":0,"parent":0,"menu_order":0,"comment_status":"open","ping_status":"open","template":"","meta":[],"_links":{"self":[{"href":"http:\/\/3dsym.unizar.es\/index.php?rest_route=\/wp\/v2\/pages\/16"}],"collection":[{"href":"http:\/\/3dsym.unizar.es\/index.php?rest_route=\/wp\/v2\/pages"}],"about":[{"href":"http:\/\/3dsym.unizar.es\/index.php?rest_route=\/wp\/v2\/types\/page"}],"author":[{"embeddable":true,"href":"http:\/\/3dsym.unizar.es\/index.php?rest_route=\/wp\/v2\/users\/1"}],"replies":[{"embeddable":true,"href":"http:\/\/3dsym.unizar.es\/index.php?rest_route=%2Fwp%2Fv2%2Fcomments&post=16"}],"version-history":[{"count":8,"href":"http:\/\/3dsym.unizar.es\/index.php?rest_route=\/wp\/v2\/pages\/16\/revisions"}],"predecessor-version":[{"id":163,"href":"http:\/\/3dsym.unizar.es\/index.php?rest_route=\/wp\/v2\/pages\/16\/revisions\/163"}],"wp:attachment":[{"href":"http:\/\/3dsym.unizar.es\/index.php?rest_route=%2Fwp%2Fv2%2Fmedia&parent=16"}],"curies":[{"name":"wp","href":"https:\/\/api.w.org\/{rel}","templated":true}]}}