{"id":30,"date":"2014-05-01T14:54:14","date_gmt":"2014-05-01T14:54:14","guid":{"rendered":"http:\/\/3dsym.unizar.es\/?page_id=30"},"modified":"2022-10-02T09:01:56","modified_gmt":"2022-10-02T09:01:56","slug":"links","status":"publish","type":"page","link":"http:\/\/3dsym.unizar.es\/?page_id=30","title":{"rendered":"Links"},"content":{"rendered":"<p><a href=\"http:\/\/www.unizar.es\/\">http:\/\/www.unizar.es\/<\/a>&nbsp;Universidad de Zaragoza<\/p>\n<p><a href=\"http:\/\/www.unizar.es\/departamentos\/d_cc_experimentales\/\">http:\/\/www.unizar.es\/departamentos\/d_cc_experimentales\/<\/a>&nbsp;Departamento de Did\u00e1ctica de las Ciencias Experimentales de la UZ<\/p>\n<p><a href=\"http:\/\/wzar.unizar.es\/acad\/fac\/geolo\/index.html\">http:\/\/wzar.unizar.es\/acad\/fac\/geolo\/index.html<\/a>&nbsp;Departamento de Ciencias de la Tierra de la UZ<\/p>\n<p><a href=\"https:\/\/xtereo.lionrigstudio.com\/\">https:\/\/xtereo.lionrigstudio.com\/<\/a>&nbsp;Aplicaci\u00f3n para practicar la proyecci\u00f3n estereogr\u00e1fica de modelos cristalogr\u00e1ficos<\/p>\n<p><a href=\"http:\/\/&nbsp;http:\/\/www.iucr.org\/\">&nbsp;http:\/\/www.iucr.org\/<\/a>&nbsp;International Union of Crystalollography<\/p>\n<p>Soluciones al juego: <a href=\"http:\/\/3dsym.unizar.es\/soluciones\/3DSYM.html\" target=\"_blank\" rel=\"noopener noreferrer\">http:\/\/3dsym.unizar.es\/soluciones\/3DSYM.html<\/a><\/p>\n<p dir=\"ltr\"><span lang=\"es-ES\">\u00a9 Mayayo \u2013 Mateo \u2013 Barbed y Universidad de Zaragoza 2013<\/span><\/p>\n","protected":false},"excerpt":{"rendered":"<p>http:\/\/www.unizar.es\/&nbsp;Universidad de Zaragoza http:\/\/www.unizar.es\/departamentos\/d_cc_experimentales\/&nbsp;Departamento de Did\u00e1ctica de las Ciencias Experimentales de la UZ http:\/\/wzar.unizar.es\/acad\/fac\/geolo\/index.html&nbsp;Departamento de Ciencias de la Tierra de la UZ https:\/\/xtereo.lionrigstudio.com\/&nbsp;Aplicaci\u00f3n para practicar la proyecci\u00f3n estereogr\u00e1fica de modelos cristalogr\u00e1ficos &nbsp;http:\/\/www.iucr.org\/&nbsp;International Union of Crystalollography Soluciones al juego: http:\/\/3dsym.unizar.es\/soluciones\/3DSYM.html \u00a9 &hellip; <a href=\"http:\/\/3dsym.unizar.es\/?page_id=30\">Continue reading <span class=\"meta-nav\">&rarr;<\/span><\/a><\/p>\n","protected":false},"author":1,"featured_media":0,"parent":0,"menu_order":6,"comment_status":"open","ping_status":"open","template":"","meta":[],"_links":{"self":[{"href":"http:\/\/3dsym.unizar.es\/index.php?rest_route=\/wp\/v2\/pages\/30"}],"collection":[{"href":"http:\/\/3dsym.unizar.es\/index.php?rest_route=\/wp\/v2\/pages"}],"about":[{"href":"http:\/\/3dsym.unizar.es\/index.php?rest_route=\/wp\/v2\/types\/page"}],"author":[{"embeddable":true,"href":"http:\/\/3dsym.unizar.es\/index.php?rest_route=\/wp\/v2\/users\/1"}],"replies":[{"embeddable":true,"href":"http:\/\/3dsym.unizar.es\/index.php?rest_route=%2Fwp%2Fv2%2Fcomments&post=30"}],"version-history":[{"count":30,"href":"http:\/\/3dsym.unizar.es\/index.php?rest_route=\/wp\/v2\/pages\/30\/revisions"}],"predecessor-version":[{"id":198,"href":"http:\/\/3dsym.unizar.es\/index.php?rest_route=\/wp\/v2\/pages\/30\/revisions\/198"}],"wp:attachment":[{"href":"http:\/\/3dsym.unizar.es\/index.php?rest_route=%2Fwp%2Fv2%2Fmedia&parent=30"}],"curies":[{"name":"wp","href":"https:\/\/api.w.org\/{rel}","templated":true}]}}